{"id":14,"date":"2020-06-16T08:02:43","date_gmt":"2020-06-16T08:02:43","guid":{"rendered":"https:\/\/saunacentar.com\/?page_id=14"},"modified":"2024-07-07T20:09:09","modified_gmt":"2024-07-07T18:09:09","slug":"concerts","status":"publish","type":"page","link":"https:\/\/saunacentar.com\/?page_id=14","title":{"rendered":"Concerts"},"content":{"rendered":"\t\t<div data-elementor-type=\"wp-page\" data-elementor-id=\"14\" class=\"elementor elementor-14\">\n\t\t\t\t\t\t\t\t\t<section class=\"elementor-section elementor-top-section elementor-element elementor-element-04539a4 elementor-section-height-min-height elementor-section-items-bottom elementor-section-boxed elementor-section-height-default\" data-id=\"04539a4\" data-element_type=\"section\" data-settings=\"{&quot;background_background&quot;:&quot;classic&quot;}\">\n\t\t\t\t\t\t\t<div class=\"elementor-background-overlay\"><\/div>\n\t\t\t\t\t\t\t<div class=\"elementor-container elementor-column-gap-no\">\n\t\t\t\t\t<div class=\"elementor-column elementor-col-100 elementor-top-column elementor-element elementor-element-f4bcdae\" data-id=\"f4bcdae\" data-element_type=\"column\">\n\t\t\t<div class=\"elementor-widget-wrap elementor-element-populated\">\n\t\t\t\t\t\t\t\t<div class=\"elementor-element elementor-element-a34a4ca elementor-widget elementor-widget-heading\" data-id=\"a34a4ca\" data-element_type=\"widget\" data-widget_type=\"heading.default\">\n\t\t\t\t<div class=\"elementor-widget-container\">\n\t\t\t<style>\/*! elementor - v3.11.1 - 15-02-2023 *\/\n.elementor-heading-title{padding:0;margin:0;line-height:1}.elementor-widget-heading .elementor-heading-title[class*=elementor-size-]>a{color:inherit;font-size:inherit;line-height:inherit}.elementor-widget-heading .elementor-heading-title.elementor-size-small{font-size:15px}.elementor-widget-heading .elementor-heading-title.elementor-size-medium{font-size:19px}.elementor-widget-heading .elementor-heading-title.elementor-size-large{font-size:29px}.elementor-widget-heading .elementor-heading-title.elementor-size-xl{font-size:39px}.elementor-widget-heading .elementor-heading-title.elementor-size-xxl{font-size:59px}<\/style><h2 class=\"elementor-heading-title elementor-size-default\">Bonton u sauni<\/h2>\t\t<\/div>\n\t\t\t\t<\/div>\n\t\t\t\t<div class=\"elementor-element elementor-element-85643fa elementor-widget-divider--view-line elementor-widget elementor-widget-divider\" data-id=\"85643fa\" data-element_type=\"widget\" data-widget_type=\"divider.default\">\n\t\t\t\t<div class=\"elementor-widget-container\">\n\t\t\t<style>\/*! elementor - v3.11.1 - 15-02-2023 *\/\n.elementor-widget-divider{--divider-border-style:none;--divider-border-width:1px;--divider-color:#2c2c2c;--divider-icon-size:20px;--divider-element-spacing:10px;--divider-pattern-height:24px;--divider-pattern-size:20px;--divider-pattern-url:none;--divider-pattern-repeat:repeat-x}.elementor-widget-divider .elementor-divider{display:flex}.elementor-widget-divider .elementor-divider__text{font-size:15px;line-height:1;max-width:95%}.elementor-widget-divider .elementor-divider__element{margin:0 var(--divider-element-spacing);flex-shrink:0}.elementor-widget-divider .elementor-icon{font-size:var(--divider-icon-size)}.elementor-widget-divider .elementor-divider-separator{display:flex;margin:0;direction:ltr}.elementor-widget-divider--view-line_icon .elementor-divider-separator,.elementor-widget-divider--view-line_text .elementor-divider-separator{align-items:center}.elementor-widget-divider--view-line_icon .elementor-divider-separator:after,.elementor-widget-divider--view-line_icon .elementor-divider-separator:before,.elementor-widget-divider--view-line_text .elementor-divider-separator:after,.elementor-widget-divider--view-line_text .elementor-divider-separator:before{display:block;content:\"\";border-bottom:0;flex-grow:1;border-top:var(--divider-border-width) var(--divider-border-style) var(--divider-color)}.elementor-widget-divider--element-align-left .elementor-divider .elementor-divider-separator>.elementor-divider__svg:first-of-type{flex-grow:0;flex-shrink:100}.elementor-widget-divider--element-align-left .elementor-divider-separator:before{content:none}.elementor-widget-divider--element-align-left .elementor-divider__element{margin-left:0}.elementor-widget-divider--element-align-right .elementor-divider .elementor-divider-separator>.elementor-divider__svg:last-of-type{flex-grow:0;flex-shrink:100}.elementor-widget-divider--element-align-right .elementor-divider-separator:after{content:none}.elementor-widget-divider--element-align-right .elementor-divider__element{margin-right:0}.elementor-widget-divider:not(.elementor-widget-divider--view-line_text):not(.elementor-widget-divider--view-line_icon) .elementor-divider-separator{border-top:var(--divider-border-width) var(--divider-border-style) var(--divider-color)}.elementor-widget-divider--separator-type-pattern{--divider-border-style:none}.elementor-widget-divider--separator-type-pattern.elementor-widget-divider--view-line .elementor-divider-separator,.elementor-widget-divider--separator-type-pattern:not(.elementor-widget-divider--view-line) .elementor-divider-separator:after,.elementor-widget-divider--separator-type-pattern:not(.elementor-widget-divider--view-line) .elementor-divider-separator:before,.elementor-widget-divider--separator-type-pattern:not([class*=elementor-widget-divider--view]) .elementor-divider-separator{width:100%;min-height:var(--divider-pattern-height);-webkit-mask-size:var(--divider-pattern-size) 100%;mask-size:var(--divider-pattern-size) 100%;-webkit-mask-repeat:var(--divider-pattern-repeat);mask-repeat:var(--divider-pattern-repeat);background-color:var(--divider-color);-webkit-mask-image:var(--divider-pattern-url);mask-image:var(--divider-pattern-url)}.elementor-widget-divider--no-spacing{--divider-pattern-size:auto}.elementor-widget-divider--bg-round{--divider-pattern-repeat:round}.rtl .elementor-widget-divider .elementor-divider__text{direction:rtl}.e-con-inner>.elementor-widget-divider,.e-con>.elementor-widget-divider{width:var(--container-widget-width,100%);--flex-grow:var(--container-widget-flex-grow)}<\/style>\t\t<div class=\"elementor-divider\">\n\t\t\t<span class=\"elementor-divider-separator\">\n\t\t\t\t\t\t<\/span>\n\t\t<\/div>\n\t\t\t\t<\/div>\n\t\t\t\t<\/div>\n\t\t\t\t\t<\/div>\n\t\t<\/div>\n\t\t\t\t\t\t\t<\/div>\n\t\t<\/section>\n\t\t\t\t<section class=\"elementor-section elementor-top-section elementor-element elementor-element-808c9bc elementor-section-boxed elementor-section-height-default elementor-section-height-default\" data-id=\"808c9bc\" data-element_type=\"section\">\n\t\t\t\t\t\t<div class=\"elementor-container elementor-column-gap-default\">\n\t\t\t\t\t<div class=\"elementor-column elementor-col-100 elementor-top-column elementor-element elementor-element-a96acc9\" data-id=\"a96acc9\" data-element_type=\"column\">\n\t\t\t<div class=\"elementor-widget-wrap elementor-element-populated\">\n\t\t\t\t\t\t\t\t<div class=\"elementor-element elementor-element-7cc0ff9 elementor-widget elementor-widget-heading\" data-id=\"7cc0ff9\" data-element_type=\"widget\" data-widget_type=\"heading.default\">\n\t\t\t\t<div class=\"elementor-widget-container\">\n\t\t\t<h3 class=\"elementor-heading-title elementor-size-default\">Prostor saune je mjesto opu\u0161tanja i potrage za osobnim mirom pa tako ovakve lokacije imaju i svoja pravila pona\u0161anja<\/h3>\t\t<\/div>\n\t\t\t\t<\/div>\n\t\t\t\t\t<\/div>\n\t\t<\/div>\n\t\t\t\t\t\t\t<\/div>\n\t\t<\/section>\n\t\t\t\t<section class=\"elementor-section elementor-top-section elementor-element elementor-element-079ad0b elementor-section-boxed elementor-section-height-default elementor-section-height-default\" data-id=\"079ad0b\" data-element_type=\"section\">\n\t\t\t\t\t\t<div class=\"elementor-container elementor-column-gap-default\">\n\t\t\t\t\t<div class=\"elementor-column elementor-col-100 elementor-top-column elementor-element elementor-element-70a1cc3\" data-id=\"70a1cc3\" data-element_type=\"column\">\n\t\t\t<div class=\"elementor-widget-wrap elementor-element-populated\">\n\t\t\t\t\t\t\t\t<section class=\"elementor-section elementor-inner-section elementor-element elementor-element-425cc78 elementor-section-boxed elementor-section-height-default elementor-section-height-default\" data-id=\"425cc78\" data-element_type=\"section\">\n\t\t\t\t\t\t<div class=\"elementor-container elementor-column-gap-no\">\n\t\t\t\t\t<div class=\"elementor-column elementor-col-100 elementor-inner-column elementor-element elementor-element-64de1fa\" data-id=\"64de1fa\" data-element_type=\"column\">\n\t\t\t<div class=\"elementor-widget-wrap elementor-element-populated\">\n\t\t\t\t\t\t\t\t<div class=\"elementor-element elementor-element-15d11e6 elementor-widget elementor-widget-text-editor\" data-id=\"15d11e6\" data-element_type=\"widget\" data-widget_type=\"text-editor.default\">\n\t\t\t\t<div class=\"elementor-widget-container\">\n\t\t\t<style>\/*! elementor - v3.11.1 - 15-02-2023 *\/\n.elementor-widget-text-editor.elementor-drop-cap-view-stacked .elementor-drop-cap{background-color:#818a91;color:#fff}.elementor-widget-text-editor.elementor-drop-cap-view-framed .elementor-drop-cap{color:#818a91;border:3px solid;background-color:transparent}.elementor-widget-text-editor:not(.elementor-drop-cap-view-default) .elementor-drop-cap{margin-top:8px}.elementor-widget-text-editor:not(.elementor-drop-cap-view-default) .elementor-drop-cap-letter{width:1em;height:1em}.elementor-widget-text-editor .elementor-drop-cap{float:left;text-align:center;line-height:1;font-size:50px}.elementor-widget-text-editor .elementor-drop-cap-letter{display:inline-block}<\/style>\t\t\t\t<ul>\n<li>\n<h5>MIR \u2013 kada ste u prostoru saune va\u017eno je po\u0161tovati intimu drugih posjetitelja te je po\u017eeljno da ne pri\u010date glasno, ne pjevate ili vi\u010dete. Posebno je to pravilo va\u017eno po\u0161tivati unutar same saune tijekom sauniranja kada svaki posjetitelj tra\u017ei osobni mir i ti\u0161inu pa je va\u017eno da svojim razgovorom s vama poznatom osobom u sauni ne naru\u0161avate mir drugih klijenata. Zato postoje posebne prostorije unutar svakog wellness kompleksa gdje je dozvoljen razgovor s drugima i gdje se ne naru\u0161ava intima ostalih tijekom opu\u0161tanja.<\/h5>\n<\/li>\n<li>\n<h5>\u010cISTE PAPU\u010cE \/ NATIKA\u010cE &#8211; sa sobom je u saunu va\u017eno ponijeti \u010diste papu\u010de \/ natika\u010de kako ne bi bosi hodali unutar svih prostorija u prostoru. Natika\u010de je va\u017eno skinuti i ostaviti ispred same saune prilikom ulaska u istu.<\/h5>\n<\/li>\n<li>\n<h5>TU\u0160IRANJE \u2013 prije svakog ulaska u saunu obavezno je tu\u0161iranje. Po\u017eeljno je da prije prvog ulaska u saunu tijelo operete sapunom. Temperaturu vode pode\u0161avate sukladno svom organizmu. Isto tako obavezno je tu\u0161iranje i nakon svakog izlaska iz saune. Prilikom tu\u0161iranja nakon sauniranja u finskoj sauni preporu\u010dljiv je hladan tu\u0161, a tijelo nije preporu\u010dljivo ispirati nikakvim sapunom ili \u0161amponom ve\u0107 samo \u010distom vodom.<\/h5>\n<\/li>\n<li>\n<h5>RU\u010cNIK U SAUNI \u2013 ve\u0107ina wellness centara \/ sauna ima svoje ru\u010dnike pa tako i Sauna Centar. Ukoliko nosite svoj ru\u010dnik prema bontonu valjalo bi to napomenuti na recepciji.<\/h5>\n<ul>\n<li>\n<h5>Obavezno je unutar finske saune sjediti na ru\u010dniku, nikako na golim daskama, \u0161to zbog osobne higijene, \u0161to iz zdravstvenih razloga jer bi mogli dobiti nepo\u017eeljne opekotine, dakle ru\u010dnik obavezno pod sebe.<\/h5>\n<\/li>\n<\/ul>\n<\/li>\n<li>\n<h5>BRZ ULAZAK U SAUNU \u2013 kada ulazite u saunu u kojoj ve\u0107 boravi nekoliko posjetitelja budite brzi kako ne bi naru\u0161avali temperaturu u prostoru saune kao i mir onih koji su u\u0161li prije vas.<\/h5>\n<\/li>\n<li>\n<h5>BEZ RAZGOVORA \u2013 u sauni se ne smije razgovarati s vama poznatom osobom s kojom ste mo\u017eda i u\u0161li na sauniranje \u010dime po\u0161tujete intimu i potrebu mira ostalih posjetitelja. Unutar kompleksa svakog wellnessa postoji prostor predvi\u0111en za dru\u017eenja i razgovore pa ukoliko imate potrebu za istim iza\u0111ite iz saune i uputite se u takav prostor. U kompleksu Saune Centar to je na\u0161 dnevni boravak.<\/h5>\n<\/li>\n<li>\n<h5>NADOLIJEVANJE VODE NA GRIJA\u010c \/ VRU\u0106E KAMENJE \u2013 ukoliko vam vlaga u sauni nije dovoljna nikako na vlastitu ruku ne dolijevajte vodu ili eteri\u010dna ulja na vru\u0107e kamenje u sauni. Za to postoji osoblje saune s kojim se prije toga konzultirajte, a ako imate njihovo odobrenje svakako prije pitajte ostale prisutne u sauni ho\u0107e li im smetati ako malo dolijete vode.<\/h5>\n<\/li>\n<li>\n<h5>UMOTANI U RU\u010cNIK ILI OGRTA\u010c IZVAN SAUNE \u2013 u prostorijama izvan saune po\u017eeljno je da se kre\u0107ete umotani u ru\u010dnik ili ogrta\u010d<\/h5>\n<\/li>\n<li>\n<h5>BEZ KUPA\u0106IH KOSTIMA \u2013 u prostoru wellness centara&nbsp; se biva gol samo s ru\u010dnikom ili ogrta\u010dem, nikako u kupa\u0107em kostimu u kojem se osobito ne preporu\u010da ulazak u saunu \u0161to zbog higijenskih \u0161to zbog zdravstvenih razloga.<\/h5>\n<\/li>\n<li>\n<h5>NAKIT I DRUGE VRIJEDNOSTI ostavljaju se u osobnom ormari\u0107u koji zaklju\u010davate, a klju\u010d\/narukvicu kojeg ste dobili na recepciji stavljate na zape\u0161\u0107e ruke. Za va\u0161u osobnu nebrigu o osobnim stvarima nije zadu\u017eeno niti odgovara osoblje saune.<\/h5>\n<\/li>\n<li>\n<h5>BORAVAK U SAUNI ZABRANJEN je onima pod utjecajem alkohola i opijata, ponajvi\u0161e iz zdravstvenih razloga. Osoblje, ukoliko utvrdi da je netko u alkoholiziranom stanju ili pod utjecajem opojnih droga ima pravo takvu osobu udaljiti iz prostora saune i ne odgovara za njihove zdravstvene posljedice. Ukoliko osoblje na samom ulazu procijeni da je netko pod utjecajem alkohola ili opijata ima pravo ne pustiti takvu osobu u sam prostor, a sve zbog za\u0161tite ostalih posjetitelja i vlastitog poslovanja.<\/h5>\n<\/li>\n<li>\n<h5>MOBITELI I FOTOGRAFIRANJE strogo su zabranjeni unutar prostorija sauna. Ovakve ure\u0111aje obavezno ostavljate zaklju\u010dane u svom ormari\u0107u. Va\u017eno je po\u0161tivati intimu drugih posjetitelja, a za kr\u0161enje pravila osoblje saune ima pravo udaljiti prekr\u0161itelja iz kompleksa.<\/h5>\n<\/li>\n<li>\n<h5>HIGIJENA ZAJEDNI\u010cKIH PROSTORA je obavezna. Nakon tu\u0161iranja prostor tu\u0161a va\u017eno je ostaviti \u010distim kao i prostor toaleta ako ga koristite.<\/h5>\n<\/li>\n<li>\n<h5>PU\u0160ENJE U SAUNI NIJE DOZVOLJENO \u2013 ukoliko imate potrebu za cigaretom, a niste sigurni gdje je dozvoljeno pu\u0161enje nikao na vlastitu ruku ne pose\u017eite za cigaretom unutar zajedni\u010dkih prostorija. Za to se obratite recepcionaru koji \u0107e Vas uputiti van prostora Saune, bez ponovne naplate ulaznine.<\/h5>\n<\/li>\n<li>\n<h5>ODR\u017dAVANJE HIGIJENE PRIVATNOG PROSTORA ZA RELAKSACIJU unutar kojeg postoji dezinfekcijsko sredstvo i papirnati ru\u010dnici je vrlo va\u017eno za svakoga ponaosob. Stoga prije i nakon kori\u0161tenja le\u017eajeva iste obavezno dezinficirajte, obri\u0161ite, a papir i sav drugi otpad obavezno odlo\u017eite u za to predvi\u0111eni ko\u0161 unutar kabine.<\/h5>\n<\/li>\n<li>\n<h5>PRILIKOM NAPU\u0160TANJA PROSTORA i vra\u0107anja klju\u010da obavezno provjerite sadr\u017eaj svog ormari\u0107a kako ne bi ne\u0161to slu\u010dajno ostavili, a kori\u0161teni ru\u010dnik ubacite za to predvi\u0111enu ko\u0161aru za rublje koja se nalazi do recepcije.<\/h5>\n<\/li>\n<\/ul>\t\t\t\t\t\t<\/div>\n\t\t\t\t<\/div>\n\t\t\t\t\t<\/div>\n\t\t<\/div>\n\t\t\t\t\t\t\t<\/div>\n\t\t<\/section>\n\t\t\t\t\t<\/div>\n\t\t<\/div>\n\t\t\t\t\t\t\t<\/div>\n\t\t<\/section>\n\t\t\t\t\t\t\t<\/div>\n\t\t","protected":false},"excerpt":{"rendered":"<p>Bonton u sauni Prostor saune je mjesto opu\u0161tanja i potrage za osobnim mirom pa tako ovakve lokacije imaju i svoja pravila pona\u0161anja MIR \u2013 kada ste u prostoru saune va\u017eno je po\u0161tovati intimu drugih posjetitelja te je po\u017eeljno da ne pri\u010date glasno, ne pjevate ili vi\u010dete. Posebno je to pravilo va\u017eno po\u0161tivati unutar same saune &hellip;<\/p>\n<p class=\"read-more\"> <a class=\"\" href=\"https:\/\/saunacentar.com\/?page_id=14\"> <span class=\"screen-reader-text\">Concerts<\/span> Read More &raquo;<\/a><\/p>\n","protected":false},"author":1,"featured_media":0,"parent":0,"menu_order":0,"comment_status":"closed","ping_status":"closed","template":"","meta":{"site-sidebar-layout":"no-sidebar","site-content-layout":"page-builder","ast-main-header-display":"","ast-hfb-above-header-display":"","ast-hfb-below-header-display":"","ast-hfb-mobile-header-display":"","site-post-title":"disabled","ast-breadcrumbs-content":"disabled","ast-featured-img":"disabled","footer-sml-layout":"","theme-transparent-header-meta":"enabled","adv-header-id-meta":"","stick-header-meta":"","header-above-stick-meta":"","header-main-stick-meta":"","header-below-stick-meta":"","footnotes":""},"class_list":["post-14","page","type-page","status-publish","hentry"],"_links":{"self":[{"href":"https:\/\/saunacentar.com\/index.php?rest_route=\/wp\/v2\/pages\/14","targetHints":{"allow":["GET"]}}],"collection":[{"href":"https:\/\/saunacentar.com\/index.php?rest_route=\/wp\/v2\/pages"}],"about":[{"href":"https:\/\/saunacentar.com\/index.php?rest_route=\/wp\/v2\/types\/page"}],"author":[{"embeddable":true,"href":"https:\/\/saunacentar.com\/index.php?rest_route=\/wp\/v2\/users\/1"}],"replies":[{"embeddable":true,"href":"https:\/\/saunacentar.com\/index.php?rest_route=%2Fwp%2Fv2%2Fcomments&post=14"}],"version-history":[{"count":27,"href":"https:\/\/saunacentar.com\/index.php?rest_route=\/wp\/v2\/pages\/14\/revisions"}],"predecessor-version":[{"id":1321,"href":"https:\/\/saunacentar.com\/index.php?rest_route=\/wp\/v2\/pages\/14\/revisions\/1321"}],"wp:attachment":[{"href":"https:\/\/saunacentar.com\/index.php?rest_route=%2Fwp%2Fv2%2Fmedia&parent=14"}],"curies":[{"name":"wp","href":"https:\/\/api.w.org\/{rel}","templated":true}]}}