{"id":617,"date":"2020-06-15T16:43:02","date_gmt":"2020-06-15T16:43:02","guid":{"rendered":"https:\/\/saunacentar.com\/?page_id=617"},"modified":"2024-10-04T17:00:22","modified_gmt":"2024-10-04T15:00:22","slug":"biography","status":"publish","type":"page","link":"https:\/\/saunacentar.com\/?page_id=617","title":{"rendered":"Biography"},"content":{"rendered":"\t\t<div data-elementor-type=\"wp-page\" data-elementor-id=\"617\" class=\"elementor elementor-617\">\n\t\t\t\t\t\t\t\t\t<section class=\"elementor-section elementor-top-section elementor-element elementor-element-96c7d45 elementor-section-height-min-height elementor-section-items-bottom elementor-section-boxed elementor-section-height-default\" data-id=\"96c7d45\" data-element_type=\"section\" data-settings=\"{&quot;background_background&quot;:&quot;classic&quot;}\">\n\t\t\t\t\t\t\t<div class=\"elementor-background-overlay\"><\/div>\n\t\t\t\t\t\t\t<div class=\"elementor-container elementor-column-gap-no\">\n\t\t\t\t\t<div class=\"elementor-column elementor-col-100 elementor-top-column elementor-element elementor-element-25cfc78\" data-id=\"25cfc78\" data-element_type=\"column\">\n\t\t\t<div class=\"elementor-widget-wrap elementor-element-populated\">\n\t\t\t\t\t\t\t\t<div class=\"elementor-element elementor-element-1467566 elementor-widget elementor-widget-heading\" data-id=\"1467566\" data-element_type=\"widget\" data-widget_type=\"heading.default\">\n\t\t\t\t<div class=\"elementor-widget-container\">\n\t\t\t<style>\/*! elementor - v3.11.1 - 15-02-2023 *\/\n.elementor-heading-title{padding:0;margin:0;line-height:1}.elementor-widget-heading .elementor-heading-title[class*=elementor-size-]>a{color:inherit;font-size:inherit;line-height:inherit}.elementor-widget-heading .elementor-heading-title.elementor-size-small{font-size:15px}.elementor-widget-heading .elementor-heading-title.elementor-size-medium{font-size:19px}.elementor-widget-heading .elementor-heading-title.elementor-size-large{font-size:29px}.elementor-widget-heading .elementor-heading-title.elementor-size-xl{font-size:39px}.elementor-widget-heading .elementor-heading-title.elementor-size-xxl{font-size:59px}<\/style><h2 class=\"elementor-heading-title elementor-size-default\">O nama<\/h2>\t\t<\/div>\n\t\t\t\t<\/div>\n\t\t\t\t<div class=\"elementor-element elementor-element-8779999 elementor-widget-divider--view-line elementor-widget elementor-widget-divider\" data-id=\"8779999\" data-element_type=\"widget\" data-widget_type=\"divider.default\">\n\t\t\t\t<div class=\"elementor-widget-container\">\n\t\t\t<style>\/*! elementor - v3.11.1 - 15-02-2023 *\/\n.elementor-widget-divider{--divider-border-style:none;--divider-border-width:1px;--divider-color:#2c2c2c;--divider-icon-size:20px;--divider-element-spacing:10px;--divider-pattern-height:24px;--divider-pattern-size:20px;--divider-pattern-url:none;--divider-pattern-repeat:repeat-x}.elementor-widget-divider .elementor-divider{display:flex}.elementor-widget-divider .elementor-divider__text{font-size:15px;line-height:1;max-width:95%}.elementor-widget-divider .elementor-divider__element{margin:0 var(--divider-element-spacing);flex-shrink:0}.elementor-widget-divider .elementor-icon{font-size:var(--divider-icon-size)}.elementor-widget-divider .elementor-divider-separator{display:flex;margin:0;direction:ltr}.elementor-widget-divider--view-line_icon .elementor-divider-separator,.elementor-widget-divider--view-line_text .elementor-divider-separator{align-items:center}.elementor-widget-divider--view-line_icon .elementor-divider-separator:after,.elementor-widget-divider--view-line_icon .elementor-divider-separator:before,.elementor-widget-divider--view-line_text .elementor-divider-separator:after,.elementor-widget-divider--view-line_text .elementor-divider-separator:before{display:block;content:\"\";border-bottom:0;flex-grow:1;border-top:var(--divider-border-width) var(--divider-border-style) var(--divider-color)}.elementor-widget-divider--element-align-left .elementor-divider .elementor-divider-separator>.elementor-divider__svg:first-of-type{flex-grow:0;flex-shrink:100}.elementor-widget-divider--element-align-left .elementor-divider-separator:before{content:none}.elementor-widget-divider--element-align-left .elementor-divider__element{margin-left:0}.elementor-widget-divider--element-align-right .elementor-divider .elementor-divider-separator>.elementor-divider__svg:last-of-type{flex-grow:0;flex-shrink:100}.elementor-widget-divider--element-align-right .elementor-divider-separator:after{content:none}.elementor-widget-divider--element-align-right .elementor-divider__element{margin-right:0}.elementor-widget-divider:not(.elementor-widget-divider--view-line_text):not(.elementor-widget-divider--view-line_icon) .elementor-divider-separator{border-top:var(--divider-border-width) var(--divider-border-style) var(--divider-color)}.elementor-widget-divider--separator-type-pattern{--divider-border-style:none}.elementor-widget-divider--separator-type-pattern.elementor-widget-divider--view-line .elementor-divider-separator,.elementor-widget-divider--separator-type-pattern:not(.elementor-widget-divider--view-line) .elementor-divider-separator:after,.elementor-widget-divider--separator-type-pattern:not(.elementor-widget-divider--view-line) .elementor-divider-separator:before,.elementor-widget-divider--separator-type-pattern:not([class*=elementor-widget-divider--view]) .elementor-divider-separator{width:100%;min-height:var(--divider-pattern-height);-webkit-mask-size:var(--divider-pattern-size) 100%;mask-size:var(--divider-pattern-size) 100%;-webkit-mask-repeat:var(--divider-pattern-repeat);mask-repeat:var(--divider-pattern-repeat);background-color:var(--divider-color);-webkit-mask-image:var(--divider-pattern-url);mask-image:var(--divider-pattern-url)}.elementor-widget-divider--no-spacing{--divider-pattern-size:auto}.elementor-widget-divider--bg-round{--divider-pattern-repeat:round}.rtl .elementor-widget-divider .elementor-divider__text{direction:rtl}.e-con-inner>.elementor-widget-divider,.e-con>.elementor-widget-divider{width:var(--container-widget-width,100%);--flex-grow:var(--container-widget-flex-grow)}<\/style>\t\t<div class=\"elementor-divider\">\n\t\t\t<span class=\"elementor-divider-separator\">\n\t\t\t\t\t\t<\/span>\n\t\t<\/div>\n\t\t\t\t<\/div>\n\t\t\t\t<\/div>\n\t\t\t\t\t<\/div>\n\t\t<\/div>\n\t\t\t\t\t\t\t<\/div>\n\t\t<\/section>\n\t\t\t\t<section class=\"elementor-section elementor-top-section elementor-element elementor-element-66468e1 elementor-section-boxed elementor-section-height-default elementor-section-height-default\" data-id=\"66468e1\" data-element_type=\"section\" data-settings=\"{&quot;background_background&quot;:&quot;gradient&quot;}\">\n\t\t\t\t\t\t\t<div class=\"elementor-background-overlay\"><\/div>\n\t\t\t\t\t\t\t<div class=\"elementor-container elementor-column-gap-no\">\n\t\t\t\t\t<div class=\"elementor-column elementor-col-100 elementor-top-column elementor-element elementor-element-ec0c66a\" data-id=\"ec0c66a\" data-element_type=\"column\">\n\t\t\t<div class=\"elementor-widget-wrap elementor-element-populated\">\n\t\t\t\t\t\t\t\t<section class=\"elementor-section elementor-inner-section elementor-element elementor-element-6db093d elementor-section-boxed elementor-section-height-default elementor-section-height-default\" data-id=\"6db093d\" data-element_type=\"section\">\n\t\t\t\t\t\t<div class=\"elementor-container elementor-column-gap-no\">\n\t\t\t\t\t<div class=\"elementor-column elementor-col-100 elementor-inner-column elementor-element elementor-element-e0bab35\" data-id=\"e0bab35\" data-element_type=\"column\">\n\t\t\t<div class=\"elementor-widget-wrap elementor-element-populated\">\n\t\t\t\t\t\t\t\t<div class=\"elementor-element elementor-element-bacff46 elementor-widget elementor-widget-heading\" data-id=\"bacff46\" data-element_type=\"widget\" data-widget_type=\"heading.default\">\n\t\t\t\t<div class=\"elementor-widget-container\">\n\t\t\t<h3 class=\"elementor-heading-title elementor-size-default\">Sauna Centar je jedini wellness prostor u gradu Zagrebu namijenjen prete\u017eito mu\u0161koj populaciji. <br> \n\nUlaskom u prostor Saune Centar za sobom ostavite svakodnevne brige i probleme te se prepustite opu\u0161taju\u0107em okru\u017eenju za okrepljenje va\u0161eg tijela i duha.\n<\/h3>\t\t<\/div>\n\t\t\t\t<\/div>\n\t\t\t\t<div class=\"elementor-element elementor-element-b5f8d7d elementor-widget-divider--view-line elementor-widget elementor-widget-divider\" data-id=\"b5f8d7d\" data-element_type=\"widget\" data-widget_type=\"divider.default\">\n\t\t\t\t<div class=\"elementor-widget-container\">\n\t\t\t\t\t<div class=\"elementor-divider\">\n\t\t\t<span class=\"elementor-divider-separator\">\n\t\t\t\t\t\t<\/span>\n\t\t<\/div>\n\t\t\t\t<\/div>\n\t\t\t\t<\/div>\n\t\t\t\t\t<\/div>\n\t\t<\/div>\n\t\t\t\t\t\t\t<\/div>\n\t\t<\/section>\n\t\t\t\t<section class=\"elementor-section elementor-inner-section elementor-element elementor-element-685c10c elementor-section-boxed elementor-section-height-default elementor-section-height-default\" data-id=\"685c10c\" data-element_type=\"section\">\n\t\t\t\t\t\t<div class=\"elementor-container elementor-column-gap-no\">\n\t\t\t\t\t<div class=\"elementor-column elementor-col-100 elementor-inner-column elementor-element elementor-element-54a4cd1\" data-id=\"54a4cd1\" data-element_type=\"column\">\n\t\t\t<div class=\"elementor-widget-wrap elementor-element-populated\">\n\t\t\t\t\t\t\t\t<div class=\"elementor-element elementor-element-88ec044 elementor-widget elementor-widget-text-editor\" data-id=\"88ec044\" data-element_type=\"widget\" data-widget_type=\"text-editor.default\">\n\t\t\t\t<div class=\"elementor-widget-container\">\n\t\t\t<style>\/*! elementor - v3.11.1 - 15-02-2023 *\/\n.elementor-widget-text-editor.elementor-drop-cap-view-stacked .elementor-drop-cap{background-color:#818a91;color:#fff}.elementor-widget-text-editor.elementor-drop-cap-view-framed .elementor-drop-cap{color:#818a91;border:3px solid;background-color:transparent}.elementor-widget-text-editor:not(.elementor-drop-cap-view-default) .elementor-drop-cap{margin-top:8px}.elementor-widget-text-editor:not(.elementor-drop-cap-view-default) .elementor-drop-cap-letter{width:1em;height:1em}.elementor-widget-text-editor .elementor-drop-cap{float:left;text-align:center;line-height:1;font-size:50px}.elementor-widget-text-editor .elementor-drop-cap-letter{display:inline-block}<\/style>\t\t\t\t<h5>U moderno ure\u0111enom prostoru priu\u0161tite si meditativno putovanje uz zvukove prirode, izbacite toksine iz organizma u finskoj sauni za koju znanstvene studije potvr\u0111uju da je naju\u010dinkovitija u poticanju tijela na izlu\u010divanje toksina dok se vlastitom miru mo\u017eete posvetiti unutar prostora za relaksaciju u kabinama koje su ure\u0111ene prema na\u010delima kromoterapije te u okru\u017eenju omiljene boje nahranite svoje tijelo dobrom energijom.<\/h5>\n<h5>&nbsp;Kada se za\u017eelite dru\u0161tva svratite u dnevni boravak i razmijenite koju lijepu rije\u010d s drugim posjetiteljima ili pak u\u017eivajte u samostalnom miru u prostoru koji je inspiriran prirodom slu\u0161aju\u0107i nje\u017ene frekvencije univerzuma i prirode sa zvu\u010dnika.<\/h5>\n<h5>Ne zaboravite nakon saune nadoknaditi teku\u0107inu i elektrolite u svom organizmu, a za to je dostupan samoposlu\u017eni aparat s raznolikom ponudom napitaka koji se nalazi tik do recepcije.<\/h5>\n<h5>Imate li bilo kakve nedoumice i pitanja, na\u0161e ljubazno osoblje uvijek Vam je na usluzi, a sigurno ne\u0107e izostati i kakva dobra \u0161ala koja \u0107e dodatno za\u010diniti dobro raspolo\u017eenje Va\u0161eg boravka u Sauni Centar, aktivatora va\u0161eg tijela i duha.&nbsp;<\/h5>\n<div><br><\/div>\n<div><br><\/div>\n<div><br><\/div>\n<div><br><\/div>\n<div><br><\/div>\n<p><\/p>\n<h5>FINSKA SAUNA RADI U TRI MODA:&nbsp;<\/h5>\n<div><br><\/div>\n<h5>1. LOCONIUM &#8211; do cca 40min od po\u010detka rada saune<\/h5>\n<p>Teperatura: cca 40 \u00b0C<\/p>\n<p>Laconium je bla\u017ei oblik finske saune, djeluje stimulativno na srce i tjelesnu cirkulaciju, a krajnji u\u010dinak je osje\u0107aj svje\u017eine i duboke psihi\u010dke i fizi\u010dke opu\u0161tenosti.<\/p>\n<p>Namijenjena je postupnom i ugodnom zagrijavanju tijela koje izaziva poja\u010dano znojenje, a time i \u010di\u0161\u0107enje i detoksikaciju organizma.<\/p>\n<p>Namijenjeno je svima onima koji ne podnose veliku toplinu finske saune.<\/p>\n<p><strong>&nbsp;<\/strong><\/p>\n<h5>2. SANARIUM &#8211; od cca 40 min od po\u010detka rada sune i cca 40 min pred kraj rada saune<\/h5>\n<p>Temperatura: cca 55-60 \u00b0C<\/p>\n<p>Sanarium je finska&nbsp; sauna s ni\u017eom temperaturom i ni\u017eom vlagom te blagotvorno djeluje na tijelo, otvara pore, a posebno je pogodna za osobe koje imaju problem sa zadr\u017eavanjem vode u tijelu.<\/p>\n<p>Namijenjeno je svima onima koji ne podnose veliku toplinu a podnose srednju vrijednost temperature finske saune.<\/p>\n<p><br><\/p>\n<p><\/p>\n<h5>3. FINSKI NA\u010cIN &#8211; od cca&nbsp; 60 min od po\u010detka rada saune<\/h5>\n<p><span style=\"font-size: 16px;\">Temperatura: cca 75-80 \u00b0C<\/span><\/p>\n<div>\n<p>Namijenjeno je svima onima koji&nbsp; podnose veliku toplinu finske saune, vi\u0161e u odjeljku sauna i zdravlje.<\/p>\n<p><br><\/p>\n<p><br><\/p>\n<p><br><\/p>\n<p><\/p>\n<\/div>\n<h5>&nbsp;ODABIR VREMENA POSJETA SAUNI<\/h5>\n<p><strong>&nbsp;<\/strong>Temeljem gore navedenog odaberite vrijeme posjeta sauni i temperaturu koja najvi\u0161e odgovara va\u0161em organizmu.<\/p>\n<div>&nbsp;<\/div>\n<div>&nbsp;<\/div>\n<div>&nbsp;<\/div>\n<div>&nbsp;<\/div>\n<div><br><\/div>\t\t\t\t\t\t<\/div>\n\t\t\t\t<\/div>\n\t\t\t\t\t<\/div>\n\t\t<\/div>\n\t\t\t\t\t\t\t<\/div>\n\t\t<\/section>\n\t\t\t\t\t<\/div>\n\t\t<\/div>\n\t\t\t\t\t\t\t<\/div>\n\t\t<\/section>\n\t\t\t\t<section class=\"elementor-section elementor-top-section elementor-element elementor-element-d28fe5a elementor-section-height-min-height elementor-section-boxed elementor-section-height-default elementor-section-items-middle\" data-id=\"d28fe5a\" data-element_type=\"section\" data-settings=\"{&quot;background_background&quot;:&quot;classic&quot;}\">\n\t\t\t\t\t\t\t<div class=\"elementor-background-overlay\"><\/div>\n\t\t\t\t\t\t\t<div class=\"elementor-container elementor-column-gap-no\">\n\t\t\t\t\t<div class=\"elementor-column elementor-col-100 elementor-top-column elementor-element elementor-element-5ab1130\" data-id=\"5ab1130\" data-element_type=\"column\">\n\t\t\t<div class=\"elementor-widget-wrap elementor-element-populated\">\n\t\t\t\t\t\t\t\t<div class=\"elementor-element elementor-element-e0d8dc4 elementor-widget elementor-widget-heading\" data-id=\"e0d8dc4\" data-element_type=\"widget\" data-widget_type=\"heading.default\">\n\t\t\t\t<div class=\"elementor-widget-container\">\n\t\t\t<h3 class=\"elementor-heading-title elementor-size-default\">Svaki dan je dobar dan za posjetu sauni...<\/h3>\t\t<\/div>\n\t\t\t\t<\/div>\n\t\t\t\t<div class=\"elementor-element elementor-element-da02f62 elementor-widget-divider--view-line elementor-widget elementor-widget-divider\" data-id=\"da02f62\" data-element_type=\"widget\" data-widget_type=\"divider.default\">\n\t\t\t\t<div class=\"elementor-widget-container\">\n\t\t\t\t\t<div class=\"elementor-divider\">\n\t\t\t<span class=\"elementor-divider-separator\">\n\t\t\t\t\t\t<\/span>\n\t\t<\/div>\n\t\t\t\t<\/div>\n\t\t\t\t<\/div>\n\t\t\t\t<div class=\"elementor-element elementor-element-5fa11d3 elementor-widget elementor-widget-heading\" data-id=\"5fa11d3\" data-element_type=\"widget\" data-widget_type=\"heading.default\">\n\t\t\t\t<div class=\"elementor-widget-container\">\n\t\t\t<h5 class=\"elementor-heading-title elementor-size-default\">Sauna Centar<\/h5>\t\t<\/div>\n\t\t\t\t<\/div>\n\t\t\t\t\t<\/div>\n\t\t<\/div>\n\t\t\t\t\t\t\t<\/div>\n\t\t<\/section>\n\t\t\t\t\t\t\t<\/div>\n\t\t","protected":false},"excerpt":{"rendered":"<p>O nama Sauna Centar je jedini wellness prostor u gradu Zagrebu namijenjen prete\u017eito mu\u0161koj populaciji. Ulaskom u prostor Saune Centar za sobom ostavite svakodnevne brige i probleme te se prepustite opu\u0161taju\u0107em okru\u017eenju za okrepljenje va\u0161eg tijela i duha. U moderno ure\u0111enom prostoru priu\u0161tite si meditativno putovanje uz zvukove prirode, izbacite toksine iz organizma u finskoj &hellip;<\/p>\n<p class=\"read-more\"> <a class=\"\" href=\"https:\/\/saunacentar.com\/?page_id=617\"> <span class=\"screen-reader-text\">Biography<\/span> Read More &raquo;<\/a><\/p>\n","protected":false},"author":1,"featured_media":0,"parent":0,"menu_order":0,"comment_status":"closed","ping_status":"closed","template":"","meta":{"site-sidebar-layout":"no-sidebar","site-content-layout":"page-builder","ast-main-header-display":"","ast-hfb-above-header-display":"","ast-hfb-below-header-display":"","ast-hfb-mobile-header-display":"","site-post-title":"disabled","ast-breadcrumbs-content":"disabled","ast-featured-img":"disabled","footer-sml-layout":"","theme-transparent-header-meta":"enabled","adv-header-id-meta":"","stick-header-meta":"","header-above-stick-meta":"","header-main-stick-meta":"","header-below-stick-meta":"","footnotes":""},"class_list":["post-617","page","type-page","status-publish","hentry"],"_links":{"self":[{"href":"https:\/\/saunacentar.com\/index.php?rest_route=\/wp\/v2\/pages\/617","targetHints":{"allow":["GET"]}}],"collection":[{"href":"https:\/\/saunacentar.com\/index.php?rest_route=\/wp\/v2\/pages"}],"about":[{"href":"https:\/\/saunacentar.com\/index.php?rest_route=\/wp\/v2\/types\/page"}],"author":[{"embeddable":true,"href":"https:\/\/saunacentar.com\/index.php?rest_route=\/wp\/v2\/users\/1"}],"replies":[{"embeddable":true,"href":"https:\/\/saunacentar.com\/index.php?rest_route=%2Fwp%2Fv2%2Fcomments&post=617"}],"version-history":[{"count":33,"href":"https:\/\/saunacentar.com\/index.php?rest_route=\/wp\/v2\/pages\/617\/revisions"}],"predecessor-version":[{"id":1370,"href":"https:\/\/saunacentar.com\/index.php?rest_route=\/wp\/v2\/pages\/617\/revisions\/1370"}],"wp:attachment":[{"href":"https:\/\/saunacentar.com\/index.php?rest_route=%2Fwp%2Fv2%2Fmedia&parent=617"}],"curies":[{"name":"wp","href":"https:\/\/api.w.org\/{rel}","templated":true}]}}